{"id":4540,"date":"2019-02-20T12:37:25","date_gmt":"2019-07-29T07:27:46","guid":{"rendered":"https:\/\/www.strahltechnik.at\/?post_type=product&#038;p=4540"},"modified":"2019-07-29T07:28:07","modified_gmt":"2019-07-29T07:28:07","slug":"container-with-wheels-for-norclean-nel-20s","status":"publish","type":"product","link":"https:\/\/www.strahltechnik.at\/en\/product\/container-with-wheels-for-norclean-nel-20s\/","title":{"rendered":"Container with wheels for Norclean NEL 20S"},"content":{"rendered":"<p>Tank System 50, with wheels, for lifting boom for NEL 20S<br \/>\nStock sale due to design change<br \/>\nRemaining stock as long as stocks last<\/p>\n","protected":false},"excerpt":{"rendered":"<p>0901202 (43330002)<\/p>\n","protected":false},"featured_media":4539,"template":"","meta":{"_acf_changed":false,"inline_featured_image":false},"product_brand":[],"product_cat":[136,309],"product_tag":[],"class_list":{"0":"post-4540","1":"product","2":"type-product","3":"status-publish","4":"has-post-thumbnail","6":"product_cat-remaining-stock-sale-discount","7":"product_cat-vacuum-cleaner-spare-parts-and-accessories","8":"product_shipping_class-package-up-to-20kg","9":"clearfix","10":"article","11":"product--with-button-on-hover","13":"first","14":"instock","15":"sale","16":"taxable","17":"shipping-taxable","18":"purchasable","19":"product-type-simple"},"acf":[],"yoast_head":"<!-- This site is optimized with the Yoast SEO plugin v26.8 - https:\/\/yoast.com\/product\/yoast-seo-wordpress\/ -->\n<title>Container with wheels for Norclean NEL 20S - Winoa Austria<\/title>\n<meta name=\"robots\" content=\"index, follow, max-snippet:-1, max-image-preview:large, max-video-preview:-1\" \/>\n<link rel=\"canonical\" href=\"https:\/\/www.strahltechnik.at\/en\/product\/container-with-wheels-for-norclean-nel-20s\/\" \/>\n<meta property=\"og:locale\" content=\"en_US\" \/>\n<meta property=\"og:type\" content=\"article\" \/>\n<meta property=\"og:title\" content=\"Container with wheels for Norclean NEL 20S - Winoa Austria\" \/>\n<meta property=\"og:description\" content=\"0901202 (43330002)\" \/>\n<meta property=\"og:url\" content=\"https:\/\/www.strahltechnik.at\/en\/product\/container-with-wheels-for-norclean-nel-20s\/\" \/>\n<meta property=\"og:site_name\" content=\"Winoa Austria\" \/>\n<meta property=\"article:modified_time\" content=\"2019-07-29T07:28:07+00:00\" \/>\n<meta property=\"og:image\" content=\"https:\/\/www.strahltechnik.at\/app\/uploads\/2019\/02\/0901202-Beh\u00e4lter-mit-R\u00e4der-f\u00fcr-NEL-20S.jpg\" \/>\n\t<meta property=\"og:image:width\" content=\"324\" \/>\n\t<meta property=\"og:image:height\" content=\"295\" \/>\n\t<meta property=\"og:image:type\" content=\"image\/jpeg\" \/>\n<meta name=\"twitter:card\" content=\"summary_large_image\" \/>\n<script type=\"application\/ld+json\" class=\"yoast-schema-graph\">{\"@context\":\"https:\/\/schema.org\",\"@graph\":[{\"@type\":\"WebPage\",\"@id\":\"https:\/\/www.strahltechnik.at\/en\/product\/container-with-wheels-for-norclean-nel-20s\/\",\"url\":\"https:\/\/www.strahltechnik.at\/en\/product\/container-with-wheels-for-norclean-nel-20s\/\",\"name\":\"Container with wheels for Norclean NEL 20S - Winoa Austria\",\"isPartOf\":{\"@id\":\"https:\/\/www.strahltechnik.at\/#website\"},\"primaryImageOfPage\":{\"@id\":\"https:\/\/www.strahltechnik.at\/en\/product\/container-with-wheels-for-norclean-nel-20s\/#primaryimage\"},\"image\":{\"@id\":\"https:\/\/www.strahltechnik.at\/en\/product\/container-with-wheels-for-norclean-nel-20s\/#primaryimage\"},\"thumbnailUrl\":\"https:\/\/www.strahltechnik.at\/app\/uploads\/2019\/02\/0901202-Beh\u00e4lter-mit-R\u00e4der-f\u00fcr-NEL-20S.jpg\",\"datePublished\":\"2019-07-29T07:27:46+00:00\",\"dateModified\":\"2019-07-29T07:28:07+00:00\",\"breadcrumb\":{\"@id\":\"https:\/\/www.strahltechnik.at\/en\/product\/container-with-wheels-for-norclean-nel-20s\/#breadcrumb\"},\"inLanguage\":\"en-US\",\"potentialAction\":[{\"@type\":\"ReadAction\",\"target\":[\"https:\/\/www.strahltechnik.at\/en\/product\/container-with-wheels-for-norclean-nel-20s\/\"]}]},{\"@type\":\"ImageObject\",\"inLanguage\":\"en-US\",\"@id\":\"https:\/\/www.strahltechnik.at\/en\/product\/container-with-wheels-for-norclean-nel-20s\/#primaryimage\",\"url\":\"https:\/\/www.strahltechnik.at\/app\/uploads\/2019\/02\/0901202-Beh\u00e4lter-mit-R\u00e4der-f\u00fcr-NEL-20S.jpg\",\"contentUrl\":\"https:\/\/www.strahltechnik.at\/app\/uploads\/2019\/02\/0901202-Beh\u00e4lter-mit-R\u00e4der-f\u00fcr-NEL-20S.jpg\",\"width\":324,\"height\":295},{\"@type\":\"BreadcrumbList\",\"@id\":\"https:\/\/www.strahltechnik.at\/en\/product\/container-with-wheels-for-norclean-nel-20s\/#breadcrumb\",\"itemListElement\":[{\"@type\":\"ListItem\",\"position\":1,\"name\":\"Startseite\",\"item\":\"https:\/\/www.strahltechnik.at\/en\/\"},{\"@type\":\"ListItem\",\"position\":2,\"name\":\"Shop\",\"item\":\"https:\/\/www.strahltechnik.at\/en\/shop\/\"},{\"@type\":\"ListItem\",\"position\":3,\"name\":\"Container with wheels for Norclean NEL 20S\"}]},{\"@type\":\"WebSite\",\"@id\":\"https:\/\/www.strahltechnik.at\/#website\",\"url\":\"https:\/\/www.strahltechnik.at\/\",\"name\":\"Winoa Austria\",\"description\":\"Strahltechnik, Strahlmittel und Lackiertechnik\",\"potentialAction\":[{\"@type\":\"SearchAction\",\"target\":{\"@type\":\"EntryPoint\",\"urlTemplate\":\"https:\/\/www.strahltechnik.at\/?s={search_term_string}\"},\"query-input\":{\"@type\":\"PropertyValueSpecification\",\"valueRequired\":true,\"valueName\":\"search_term_string\"}}],\"inLanguage\":\"en-US\"}]}<\/script>\n<!-- \/ Yoast SEO plugin. -->","yoast_head_json":{"title":"Container with wheels for Norclean NEL 20S - Winoa Austria","robots":{"index":"index","follow":"follow","max-snippet":"max-snippet:-1","max-image-preview":"max-image-preview:large","max-video-preview":"max-video-preview:-1"},"canonical":"https:\/\/www.strahltechnik.at\/en\/product\/container-with-wheels-for-norclean-nel-20s\/","og_locale":"en_US","og_type":"article","og_title":"Container with wheels for Norclean NEL 20S - Winoa Austria","og_description":"0901202 (43330002)","og_url":"https:\/\/www.strahltechnik.at\/en\/product\/container-with-wheels-for-norclean-nel-20s\/","og_site_name":"Winoa Austria","article_modified_time":"2019-07-29T07:28:07+00:00","og_image":[{"width":324,"height":295,"url":"https:\/\/www.strahltechnik.at\/app\/uploads\/2019\/02\/0901202-Beh\u00e4lter-mit-R\u00e4der-f\u00fcr-NEL-20S.jpg","type":"image\/jpeg"}],"twitter_card":"summary_large_image","schema":{"@context":"https:\/\/schema.org","@graph":[{"@type":"WebPage","@id":"https:\/\/www.strahltechnik.at\/en\/product\/container-with-wheels-for-norclean-nel-20s\/","url":"https:\/\/www.strahltechnik.at\/en\/product\/container-with-wheels-for-norclean-nel-20s\/","name":"Container with wheels for Norclean NEL 20S - Winoa Austria","isPartOf":{"@id":"https:\/\/www.strahltechnik.at\/#website"},"primaryImageOfPage":{"@id":"https:\/\/www.strahltechnik.at\/en\/product\/container-with-wheels-for-norclean-nel-20s\/#primaryimage"},"image":{"@id":"https:\/\/www.strahltechnik.at\/en\/product\/container-with-wheels-for-norclean-nel-20s\/#primaryimage"},"thumbnailUrl":"https:\/\/www.strahltechnik.at\/app\/uploads\/2019\/02\/0901202-Beh\u00e4lter-mit-R\u00e4der-f\u00fcr-NEL-20S.jpg","datePublished":"2019-07-29T07:27:46+00:00","dateModified":"2019-07-29T07:28:07+00:00","breadcrumb":{"@id":"https:\/\/www.strahltechnik.at\/en\/product\/container-with-wheels-for-norclean-nel-20s\/#breadcrumb"},"inLanguage":"en-US","potentialAction":[{"@type":"ReadAction","target":["https:\/\/www.strahltechnik.at\/en\/product\/container-with-wheels-for-norclean-nel-20s\/"]}]},{"@type":"ImageObject","inLanguage":"en-US","@id":"https:\/\/www.strahltechnik.at\/en\/product\/container-with-wheels-for-norclean-nel-20s\/#primaryimage","url":"https:\/\/www.strahltechnik.at\/app\/uploads\/2019\/02\/0901202-Beh\u00e4lter-mit-R\u00e4der-f\u00fcr-NEL-20S.jpg","contentUrl":"https:\/\/www.strahltechnik.at\/app\/uploads\/2019\/02\/0901202-Beh\u00e4lter-mit-R\u00e4der-f\u00fcr-NEL-20S.jpg","width":324,"height":295},{"@type":"BreadcrumbList","@id":"https:\/\/www.strahltechnik.at\/en\/product\/container-with-wheels-for-norclean-nel-20s\/#breadcrumb","itemListElement":[{"@type":"ListItem","position":1,"name":"Startseite","item":"https:\/\/www.strahltechnik.at\/en\/"},{"@type":"ListItem","position":2,"name":"Shop","item":"https:\/\/www.strahltechnik.at\/en\/shop\/"},{"@type":"ListItem","position":3,"name":"Container with wheels for Norclean NEL 20S"}]},{"@type":"WebSite","@id":"https:\/\/www.strahltechnik.at\/#website","url":"https:\/\/www.strahltechnik.at\/","name":"Winoa Austria","description":"Strahltechnik, Strahlmittel und Lackiertechnik","potentialAction":[{"@type":"SearchAction","target":{"@type":"EntryPoint","urlTemplate":"https:\/\/www.strahltechnik.at\/?s={search_term_string}"},"query-input":{"@type":"PropertyValueSpecification","valueRequired":true,"valueName":"search_term_string"}}],"inLanguage":"en-US"}]}},"_links":{"self":[{"href":"https:\/\/www.strahltechnik.at\/en\/wp-json\/wp\/v2\/product\/4540","targetHints":{"allow":["GET"]}}],"collection":[{"href":"https:\/\/www.strahltechnik.at\/en\/wp-json\/wp\/v2\/product"}],"about":[{"href":"https:\/\/www.strahltechnik.at\/en\/wp-json\/wp\/v2\/types\/product"}],"wp:featuredmedia":[{"embeddable":true,"href":"https:\/\/www.strahltechnik.at\/en\/wp-json\/wp\/v2\/media\/4539"}],"wp:attachment":[{"href":"https:\/\/www.strahltechnik.at\/en\/wp-json\/wp\/v2\/media?parent=4540"}],"wp:term":[{"taxonomy":"product_brand","embeddable":true,"href":"https:\/\/www.strahltechnik.at\/en\/wp-json\/wp\/v2\/product_brand?post=4540"},{"taxonomy":"product_cat","embeddable":true,"href":"https:\/\/www.strahltechnik.at\/en\/wp-json\/wp\/v2\/product_cat?post=4540"},{"taxonomy":"product_tag","embeddable":true,"href":"https:\/\/www.strahltechnik.at\/en\/wp-json\/wp\/v2\/product_tag?post=4540"}],"curies":[{"name":"wp","href":"https:\/\/api.w.org\/{rel}","templated":true}]}}